{"id":14636,"date":"2021-04-01T08:07:14","date_gmt":"2021-04-01T08:07:14","guid":{"rendered":"https:\/\/casababel2.disenodepaginas-web.com\/?page_id=14636"},"modified":"2025-07-03T11:42:47","modified_gmt":"2025-07-03T11:42:47","slug":"blog","status":"publish","type":"page","link":"https:\/\/casababel2.disenodepaginas-web.com\/en\/blog\/","title":{"rendered":"Blog"},"content":{"rendered":"\t\t<div data-elementor-type=\"wp-page\" data-elementor-id=\"14636\" class=\"elementor elementor-14636 elementor-558\" data-elementor-post-type=\"page\">\n\t\t\t\t\t\t<section class=\"elementor-section elementor-top-section elementor-element elementor-element-169add2f elementor-section-stretched elementor-section-content-middle elementor-section-boxed elementor-section-height-default elementor-section-height-default\" data-id=\"169add2f\" data-element_type=\"section\" data-settings=\"{&quot;stretch_section&quot;:&quot;section-stretched&quot;,&quot;background_background&quot;:&quot;classic&quot;,&quot;jet_parallax_layout_list&quot;:[]}\">\n\t\t\t\t\t\t\t<div class=\"elementor-background-overlay\"><\/div>\n\t\t\t\t\t\t\t<div class=\"elementor-container elementor-column-gap-default\">\n\t\t\t\t\t<div class=\"elementor-column elementor-col-100 elementor-top-column elementor-element elementor-element-8e79d9\" data-id=\"8e79d9\" data-element_type=\"column\">\n\t\t\t<div class=\"elementor-widget-wrap elementor-element-populated\">\n\t\t\t\t\t\t<div class=\"elementor-element elementor-element-1b699525 elementor-widget elementor-widget-heading\" data-id=\"1b699525\" data-element_type=\"widget\" data-widget_type=\"heading.default\">\n\t\t\t\t<div class=\"elementor-widget-container\">\n\t\t\t\t\t<h1 class=\"elementor-heading-title elementor-size-default\">Blog<\/h1>\t\t\t\t<\/div>\n\t\t\t\t<\/div>\n\t\t\t\t\t<\/div>\n\t\t<\/div>\n\t\t\t\t\t<\/div>\n\t\t<\/section>\n\t\t\t\t<section class=\"elementor-section elementor-top-section elementor-element elementor-element-1687d60f elementor-section-stretched elementor-section-boxed elementor-section-height-default elementor-section-height-default\" data-id=\"1687d60f\" data-element_type=\"section\" data-settings=\"{&quot;stretch_section&quot;:&quot;section-stretched&quot;,&quot;background_background&quot;:&quot;classic&quot;,&quot;jet_parallax_layout_list&quot;:[]}\">\n\t\t\t\t\t\t<div class=\"elementor-container elementor-column-gap-default\">\n\t\t\t\t\t<div class=\"elementor-column elementor-col-100 elementor-top-column elementor-element elementor-element-10e692c5\" data-id=\"10e692c5\" data-element_type=\"column\">\n\t\t\t<div class=\"elementor-widget-wrap elementor-element-populated\">\n\t\t\t\t\t\t<div class=\"elementor-element elementor-element-cf95bfa elementor-widget elementor-widget-jet-posts\" data-id=\"cf95bfa\" data-element_type=\"widget\" data-settings=\"{&quot;columns&quot;:3,&quot;slides_to_scroll&quot;:&quot;1&quot;}\" data-widget_type=\"jet-posts.default\">\n\t\t\t\t<div class=\"elementor-widget-container\">\n\t\t\t\t\t<div class=\"elementor-jet-posts jet-elements\"><div class=\"jet-posts col-row \"><\/div>\n<\/div>\t\t\t\t<\/div>\n\t\t\t\t<\/div>\n\t\t\t\t\t<\/div>\n\t\t<\/div>\n\t\t\t\t\t<\/div>\n\t\t<\/section>\n\t\t<div class=\"elementor-element elementor-element-91d6c6c e-flex e-con-boxed e-con e-parent\" data-id=\"91d6c6c\" data-element_type=\"container\" data-settings=\"{&quot;jet_parallax_layout_list&quot;:[]}\">\n\t\t\t\t\t<div class=\"e-con-inner\">\n\t\t\t\t<div class=\"elementor-element elementor-element-7944f2a elementor-widget elementor-widget-spacer\" data-id=\"7944f2a\" data-element_type=\"widget\" data-widget_type=\"spacer.default\">\n\t\t\t\t<div class=\"elementor-widget-container\">\n\t\t\t\t\t\t\t<div class=\"elementor-spacer\">\n\t\t\t<div class=\"elementor-spacer-inner\"><\/div>\n\t\t<\/div>\n\t\t\t\t\t\t<\/div>\n\t\t\t\t<\/div>\n\t\t\t\t\t<\/div>\n\t\t\t\t<\/div>\n\t\t\t\t<\/div>\n\t\t","protected":false},"excerpt":{"rendered":"<p>Blog<\/p>\n","protected":false},"author":1,"featured_media":0,"parent":0,"menu_order":0,"comment_status":"closed","ping_status":"closed","template":"","meta":{"footnotes":""},"class_list":["post-14636","page","type-page","status-publish","hentry"],"yoast_head":"<!-- This site is optimized with the Yoast SEO Premium plugin v25.3.1 (Yoast SEO v26.6) - https:\/\/yoast.com\/wordpress\/plugins\/seo\/ -->\n<title>Blog Casa Babel | Romantic Getaways and Rural Tourism<\/title>\n<meta name=\"description\" content=\"Visit our blog to find different routes or raffles that we do from Casa Babel to complete your stay.\" \/>\n<meta name=\"robots\" content=\"noindex, follow, max-snippet:-1, max-image-preview:large, max-video-preview:-1\" \/>\n<meta property=\"og:locale\" content=\"en_US\" \/>\n<meta property=\"og:type\" content=\"article\" \/>\n<meta property=\"og:title\" content=\"Blog\" \/>\n<meta property=\"og:description\" content=\"Visit our blog to find different routes or raffles that we do from Casa Babel to complete your stay.\" \/>\n<meta property=\"og:url\" content=\"https:\/\/casababel2.disenodepaginas-web.com\/en\/blog\/\" \/>\n<meta property=\"og:site_name\" content=\"Escapadas rom\u00e1nticas en Villalonga, Gandia, Valencia\" \/>\n<meta property=\"article:publisher\" content=\"https:\/\/es-es.facebook.com\/HotelCasaBabel\/\" \/>\n<meta property=\"article:modified_time\" content=\"2025-07-03T11:42:47+00:00\" \/>\n<meta name=\"twitter:card\" content=\"summary_large_image\" \/>\n<meta name=\"twitter:label1\" content=\"Est. reading time\" \/>\n\t<meta name=\"twitter:data1\" content=\"1 minute\" \/>\n<script type=\"application\/ld+json\" class=\"yoast-schema-graph\">{\"@context\":\"https:\/\/schema.org\",\"@graph\":[{\"@type\":\"WebPage\",\"@id\":\"https:\/\/casababel2.disenodepaginas-web.com\/en\/blog\/\",\"url\":\"https:\/\/casababel2.disenodepaginas-web.com\/en\/blog\/\",\"name\":\"Blog Casa Babel | Romantic Getaways and Rural Tourism\",\"isPartOf\":{\"@id\":\"https:\/\/casababel2.disenodepaginas-web.com\/en\/#website\"},\"datePublished\":\"2021-04-01T08:07:14+00:00\",\"dateModified\":\"2025-07-03T11:42:47+00:00\",\"description\":\"Visit our blog to find different routes or raffles that we do from Casa Babel to complete your stay.\",\"breadcrumb\":{\"@id\":\"https:\/\/casababel2.disenodepaginas-web.com\/en\/blog\/#breadcrumb\"},\"inLanguage\":\"en-US\",\"potentialAction\":[{\"@type\":\"ReadAction\",\"target\":[\"https:\/\/casababel2.disenodepaginas-web.com\/en\/blog\/\"]}]},{\"@type\":\"BreadcrumbList\",\"@id\":\"https:\/\/casababel2.disenodepaginas-web.com\/en\/blog\/#breadcrumb\",\"itemListElement\":[{\"@type\":\"ListItem\",\"position\":1,\"name\":\"Portada\",\"item\":\"https:\/\/casababel2.disenodepaginas-web.com\/en\/\"},{\"@type\":\"ListItem\",\"position\":2,\"name\":\"Blog\"}]},{\"@type\":\"WebSite\",\"@id\":\"https:\/\/casababel2.disenodepaginas-web.com\/en\/#website\",\"url\":\"https:\/\/casababel2.disenodepaginas-web.com\/en\/\",\"name\":\"Casa Babel\",\"description\":\"Disfruta y rel\u00e1jate con tu pareja\",\"publisher\":{\"@id\":\"https:\/\/casababel2.disenodepaginas-web.com\/en\/#organization\"},\"potentialAction\":[{\"@type\":\"SearchAction\",\"target\":{\"@type\":\"EntryPoint\",\"urlTemplate\":\"https:\/\/casababel2.disenodepaginas-web.com\/en\/?s={search_term_string}\"},\"query-input\":{\"@type\":\"PropertyValueSpecification\",\"valueRequired\":true,\"valueName\":\"search_term_string\"}}],\"inLanguage\":\"en-US\"},{\"@type\":\"Organization\",\"@id\":\"https:\/\/casababel2.disenodepaginas-web.com\/en\/#organization\",\"name\":\"HOTEL CASA BABEL S.L.\",\"alternateName\":\"Casa Babel\",\"url\":\"https:\/\/casababel2.disenodepaginas-web.com\/en\/\",\"logo\":{\"@type\":\"ImageObject\",\"inLanguage\":\"en-US\",\"@id\":\"https:\/\/casababel2.disenodepaginas-web.com\/en\/#\/schema\/logo\/image\/\",\"url\":\"https:\/\/casababel2.disenodepaginas-web.com\/wp-content\/uploads\/2023\/01\/logoheader-hotelbabel.jpg\",\"contentUrl\":\"https:\/\/casababel2.disenodepaginas-web.com\/wp-content\/uploads\/2023\/01\/logoheader-hotelbabel.jpg\",\"width\":146,\"height\":146,\"caption\":\"HOTEL CASA BABEL S.L.\"},\"image\":{\"@id\":\"https:\/\/casababel2.disenodepaginas-web.com\/en\/#\/schema\/logo\/image\/\"},\"sameAs\":[\"https:\/\/es-es.facebook.com\/HotelCasaBabel\/\",\"https:\/\/www.instagram.com\/Hotel.casababel\/\",\"https:\/\/www.tripadvisor.es\/Hotel_Review-g1080467-d1088691-Reviews-Hotel_Casa_Babel-Villalonga_Province_of_Valencia_Valencian_Country.html\"],\"description\":\"Hotel Casa Babel es un hotel boutique situado en Villalonga, Valencia. Ubicado en un edificio hist\u00f3rico restaurado, combina encanto rural, dise\u00f1o contempor\u00e1neo y servicios exclusivos para escapadas rom\u00e1nticas, experiencias de bienestar y turismo activo en la naturaleza del entorno del Parque Natural de la Safor.\",\"email\":\"reservas@casababel2.disenodepaginas-web.com\",\"telephone\":\"+34 962958183\",\"legalName\":\"HOTEL CASA BABEL S.L.\",\"foundingDate\":\"2007-01-01\",\"vatID\":\"B98975840\",\"taxID\":\"B98975840\",\"numberOfEmployees\":{\"@type\":\"QuantitativeValue\",\"minValue\":\"1\",\"maxValue\":\"10\"}}]}<\/script>\n<!-- \/ Yoast SEO Premium plugin. -->","yoast_head_json":{"title":"Blog Casa Babel | Romantic Getaways and Rural Tourism","description":"Visit our blog to find different routes or raffles that we do from Casa Babel to complete your stay.","robots":{"index":"noindex","follow":"follow","max-snippet":"max-snippet:-1","max-image-preview":"max-image-preview:large","max-video-preview":"max-video-preview:-1"},"og_locale":"en_US","og_type":"article","og_title":"Blog","og_description":"Visit our blog to find different routes or raffles that we do from Casa Babel to complete your stay.","og_url":"https:\/\/casababel2.disenodepaginas-web.com\/en\/blog\/","og_site_name":"Escapadas rom\u00e1nticas en Villalonga, Gandia, Valencia","article_publisher":"https:\/\/es-es.facebook.com\/HotelCasaBabel\/","article_modified_time":"2025-07-03T11:42:47+00:00","twitter_card":"summary_large_image","twitter_misc":{"Est. reading time":"1 minute"},"schema":{"@context":"https:\/\/schema.org","@graph":[{"@type":"WebPage","@id":"https:\/\/casababel2.disenodepaginas-web.com\/en\/blog\/","url":"https:\/\/casababel2.disenodepaginas-web.com\/en\/blog\/","name":"Blog Casa Babel | Romantic Getaways and Rural Tourism","isPartOf":{"@id":"https:\/\/casababel2.disenodepaginas-web.com\/en\/#website"},"datePublished":"2021-04-01T08:07:14+00:00","dateModified":"2025-07-03T11:42:47+00:00","description":"Visit our blog to find different routes or raffles that we do from Casa Babel to complete your stay.","breadcrumb":{"@id":"https:\/\/casababel2.disenodepaginas-web.com\/en\/blog\/#breadcrumb"},"inLanguage":"en-US","potentialAction":[{"@type":"ReadAction","target":["https:\/\/casababel2.disenodepaginas-web.com\/en\/blog\/"]}]},{"@type":"BreadcrumbList","@id":"https:\/\/casababel2.disenodepaginas-web.com\/en\/blog\/#breadcrumb","itemListElement":[{"@type":"ListItem","position":1,"name":"Portada","item":"https:\/\/casababel2.disenodepaginas-web.com\/en\/"},{"@type":"ListItem","position":2,"name":"Blog"}]},{"@type":"WebSite","@id":"https:\/\/casababel2.disenodepaginas-web.com\/en\/#website","url":"https:\/\/casababel2.disenodepaginas-web.com\/en\/","name":"Casa Babel","description":"Disfruta y rel\u00e1jate con tu pareja","publisher":{"@id":"https:\/\/casababel2.disenodepaginas-web.com\/en\/#organization"},"potentialAction":[{"@type":"SearchAction","target":{"@type":"EntryPoint","urlTemplate":"https:\/\/casababel2.disenodepaginas-web.com\/en\/?s={search_term_string}"},"query-input":{"@type":"PropertyValueSpecification","valueRequired":true,"valueName":"search_term_string"}}],"inLanguage":"en-US"},{"@type":"Organization","@id":"https:\/\/casababel2.disenodepaginas-web.com\/en\/#organization","name":"HOTEL CASA BABEL S.L.","alternateName":"Casa Babel","url":"https:\/\/casababel2.disenodepaginas-web.com\/en\/","logo":{"@type":"ImageObject","inLanguage":"en-US","@id":"https:\/\/casababel2.disenodepaginas-web.com\/en\/#\/schema\/logo\/image\/","url":"https:\/\/casababel2.disenodepaginas-web.com\/wp-content\/uploads\/2023\/01\/logoheader-hotelbabel.jpg","contentUrl":"https:\/\/casababel2.disenodepaginas-web.com\/wp-content\/uploads\/2023\/01\/logoheader-hotelbabel.jpg","width":146,"height":146,"caption":"HOTEL CASA BABEL S.L."},"image":{"@id":"https:\/\/casababel2.disenodepaginas-web.com\/en\/#\/schema\/logo\/image\/"},"sameAs":["https:\/\/es-es.facebook.com\/HotelCasaBabel\/","https:\/\/www.instagram.com\/Hotel.casababel\/","https:\/\/www.tripadvisor.es\/Hotel_Review-g1080467-d1088691-Reviews-Hotel_Casa_Babel-Villalonga_Province_of_Valencia_Valencian_Country.html"],"description":"Hotel Casa Babel es un hotel boutique situado en Villalonga, Valencia. Ubicado en un edificio hist\u00f3rico restaurado, combina encanto rural, dise\u00f1o contempor\u00e1neo y servicios exclusivos para escapadas rom\u00e1nticas, experiencias de bienestar y turismo activo en la naturaleza del entorno del Parque Natural de la Safor.","email":"reservas@casababel2.disenodepaginas-web.com","telephone":"+34 962958183","legalName":"HOTEL CASA BABEL S.L.","foundingDate":"2007-01-01","vatID":"B98975840","taxID":"B98975840","numberOfEmployees":{"@type":"QuantitativeValue","minValue":"1","maxValue":"10"}}]}},"_links":{"self":[{"href":"https:\/\/casababel2.disenodepaginas-web.com\/en\/wp-json\/wp\/v2\/pages\/14636","targetHints":{"allow":["GET"]}}],"collection":[{"href":"https:\/\/casababel2.disenodepaginas-web.com\/en\/wp-json\/wp\/v2\/pages"}],"about":[{"href":"https:\/\/casababel2.disenodepaginas-web.com\/en\/wp-json\/wp\/v2\/types\/page"}],"author":[{"embeddable":true,"href":"https:\/\/casababel2.disenodepaginas-web.com\/en\/wp-json\/wp\/v2\/users\/1"}],"replies":[{"embeddable":true,"href":"https:\/\/casababel2.disenodepaginas-web.com\/en\/wp-json\/wp\/v2\/comments?post=14636"}],"version-history":[{"count":0,"href":"https:\/\/casababel2.disenodepaginas-web.com\/en\/wp-json\/wp\/v2\/pages\/14636\/revisions"}],"wp:attachment":[{"href":"https:\/\/casababel2.disenodepaginas-web.com\/en\/wp-json\/wp\/v2\/media?parent=14636"}],"curies":[{"name":"wp","href":"https:\/\/api.w.org\/{rel}","templated":true}]}}