{"id":14845,"date":"2022-11-30T15:15:15","date_gmt":"2022-11-30T15:15:15","guid":{"rendered":"https:\/\/casababel2.disenodepaginas-web.com\/?page_id=14845"},"modified":"2025-07-04T17:04:11","modified_gmt":"2025-07-04T17:04:11","slug":"cancellation-policy","status":"publish","type":"page","link":"https:\/\/casababel2.disenodepaginas-web.com\/en\/cancellation-policy\/","title":{"rendered":"Cancellation policy"},"content":{"rendered":"<h2><\/h2>\n<p>&nbsp;<\/p>\n<p>&nbsp;<\/p>\n<h2><\/h2>\n<h2 style=\"text-align: center;\">CASA BABEL CANCELLATION POLICY<\/h2>\n<p>&nbsp;<\/p>\n<p>&nbsp;<\/p>\n<p>According to our reservation and cancellation policy, if users\/clients cancel their reservation within a period of more than 5 days from their arrival, CASA BABEL will not issue any charge, except on the following dates, which have a different cancellation policy. : On national and local holidays and long weekends, the free cancellation period will be 15 days before the entry date. In high season (July and August) the free cancellation period will be 15 days before the entry date. On New Year&#8217;s Eve the free cancellation period will be 30 days before the arrival date.<\/p>\n<p>&nbsp;<\/p>\n<p>If the cancellation is verified within a shorter period than indicated, CASA BABEL will proceed to charge 50% of the reservation amount.<\/p>\n<p>&nbsp;<\/p>\n<p>In case of no show (no show), a charge of the total reservation will be applied.<\/p>\n<p>&nbsp;<\/p>\n<p>In the event that your bank card is not valid and you do not have another form of payment, Casa Babel will automatically cancel the reservation.<\/p>\n<p>&nbsp;<\/p>\n<p>Casa Babel reserves the right to charge in advance 50% of the reservation 5 days before the arrival date.<\/p>\n<p>&nbsp;<\/p>\n<p>In the event that a reservation has been made using an experience voucher from an external company, as well as the hotel&#8217;s own vouchers, the cancellation period during any time of the year will be 15 days before check-in. If the cancellation is verified within a shorter period than indicated, the entire bonus will be lost.<\/p>\n<p>&nbsp;<\/p>\n<p>The use of the online reservation system, made by e-mail, through the forms on this website or by telephone will entail the necessary and unequivocal acceptance of these conditions.<\/p>\n<p>&nbsp;<\/p>\n<p>If users need any information in this regard, they may in any case contact \u00a0<a href=\"mailto:reservas@casababel2.disenodepaginas-web.com\">reservas@casababel2.disenodepaginas-web.com<\/a><\/p>\n<p>&nbsp;<\/p>\n<p>&nbsp;<\/p>\n<p>&nbsp;<\/p>\n<p>&nbsp;<\/p>\n","protected":false},"excerpt":{"rendered":"<p>&nbsp; &nbsp; CASA BABEL CANCELLATION POLICY &nbsp; &nbsp; According to our reservation and cancellation policy, if users\/clients cancel their reservation within a period of more than 5 days from their arrival, CASA BABEL will not issue any charge, except on the following dates, which have a different cancellation policy. : On national and local holidays [&hellip;]<\/p>\n","protected":false},"author":1,"featured_media":0,"parent":0,"menu_order":0,"comment_status":"closed","ping_status":"closed","template":"","meta":{"footnotes":""},"class_list":["post-14845","page","type-page","status-publish","hentry"],"yoast_head":"<!-- This site is optimized with the Yoast SEO Premium plugin v25.3.1 (Yoast SEO v26.6) - https:\/\/yoast.com\/wordpress\/plugins\/seo\/ -->\n<title>Cancellation Policy Casa Babel | Villalonga Rural Hotel<\/title>\n<meta name=\"description\" content=\"Cancellation policy of Hotel Casa Babel\" \/>\n<meta name=\"robots\" content=\"noindex, follow, max-snippet:-1, max-image-preview:large, max-video-preview:-1\" \/>\n<meta property=\"og:locale\" content=\"en_US\" \/>\n<meta property=\"og:type\" content=\"article\" \/>\n<meta property=\"og:title\" content=\"Cancellation policy\" \/>\n<meta property=\"og:description\" content=\"Cancellation policy of Hotel Casa Babel\" \/>\n<meta property=\"og:url\" content=\"https:\/\/casababel2.disenodepaginas-web.com\/en\/cancellation-policy\/\" \/>\n<meta property=\"og:site_name\" content=\"Escapadas rom\u00e1nticas en Villalonga, Gandia, Valencia\" \/>\n<meta property=\"article:publisher\" content=\"https:\/\/es-es.facebook.com\/HotelCasaBabel\/\" \/>\n<meta property=\"article:modified_time\" content=\"2025-07-04T17:04:11+00:00\" \/>\n<meta name=\"twitter:card\" content=\"summary_large_image\" \/>\n<meta name=\"twitter:label1\" content=\"Est. reading time\" \/>\n\t<meta name=\"twitter:data1\" content=\"2 minutes\" \/>\n<script type=\"application\/ld+json\" class=\"yoast-schema-graph\">{\"@context\":\"https:\/\/schema.org\",\"@graph\":[{\"@type\":\"WebPage\",\"@id\":\"https:\/\/casababel2.disenodepaginas-web.com\/en\/cancellation-policy\/\",\"url\":\"https:\/\/casababel2.disenodepaginas-web.com\/en\/cancellation-policy\/\",\"name\":\"Cancellation Policy Casa Babel | Villalonga Rural Hotel\",\"isPartOf\":{\"@id\":\"https:\/\/casababel2.disenodepaginas-web.com\/en\/#website\"},\"datePublished\":\"2022-11-30T15:15:15+00:00\",\"dateModified\":\"2025-07-04T17:04:11+00:00\",\"description\":\"Cancellation policy of Hotel Casa Babel\",\"breadcrumb\":{\"@id\":\"https:\/\/casababel2.disenodepaginas-web.com\/en\/cancellation-policy\/#breadcrumb\"},\"inLanguage\":\"en-US\",\"potentialAction\":[{\"@type\":\"ReadAction\",\"target\":[\"https:\/\/casababel2.disenodepaginas-web.com\/en\/cancellation-policy\/\"]}]},{\"@type\":\"BreadcrumbList\",\"@id\":\"https:\/\/casababel2.disenodepaginas-web.com\/en\/cancellation-policy\/#breadcrumb\",\"itemListElement\":[{\"@type\":\"ListItem\",\"position\":1,\"name\":\"Portada\",\"item\":\"https:\/\/casababel2.disenodepaginas-web.com\/en\/\"},{\"@type\":\"ListItem\",\"position\":2,\"name\":\"Cancellation policy\"}]},{\"@type\":\"WebSite\",\"@id\":\"https:\/\/casababel2.disenodepaginas-web.com\/en\/#website\",\"url\":\"https:\/\/casababel2.disenodepaginas-web.com\/en\/\",\"name\":\"Casa Babel\",\"description\":\"Disfruta y rel\u00e1jate con tu pareja\",\"publisher\":{\"@id\":\"https:\/\/casababel2.disenodepaginas-web.com\/en\/#organization\"},\"potentialAction\":[{\"@type\":\"SearchAction\",\"target\":{\"@type\":\"EntryPoint\",\"urlTemplate\":\"https:\/\/casababel2.disenodepaginas-web.com\/en\/?s={search_term_string}\"},\"query-input\":{\"@type\":\"PropertyValueSpecification\",\"valueRequired\":true,\"valueName\":\"search_term_string\"}}],\"inLanguage\":\"en-US\"},{\"@type\":\"Organization\",\"@id\":\"https:\/\/casababel2.disenodepaginas-web.com\/en\/#organization\",\"name\":\"HOTEL CASA BABEL S.L.\",\"alternateName\":\"Casa Babel\",\"url\":\"https:\/\/casababel2.disenodepaginas-web.com\/en\/\",\"logo\":{\"@type\":\"ImageObject\",\"inLanguage\":\"en-US\",\"@id\":\"https:\/\/casababel2.disenodepaginas-web.com\/en\/#\/schema\/logo\/image\/\",\"url\":\"https:\/\/casababel2.disenodepaginas-web.com\/wp-content\/uploads\/2023\/01\/logoheader-hotelbabel.jpg\",\"contentUrl\":\"https:\/\/casababel2.disenodepaginas-web.com\/wp-content\/uploads\/2023\/01\/logoheader-hotelbabel.jpg\",\"width\":146,\"height\":146,\"caption\":\"HOTEL CASA BABEL S.L.\"},\"image\":{\"@id\":\"https:\/\/casababel2.disenodepaginas-web.com\/en\/#\/schema\/logo\/image\/\"},\"sameAs\":[\"https:\/\/es-es.facebook.com\/HotelCasaBabel\/\",\"https:\/\/www.instagram.com\/Hotel.casababel\/\",\"https:\/\/www.tripadvisor.es\/Hotel_Review-g1080467-d1088691-Reviews-Hotel_Casa_Babel-Villalonga_Province_of_Valencia_Valencian_Country.html\"],\"description\":\"Hotel Casa Babel es un hotel boutique situado en Villalonga, Valencia. Ubicado en un edificio hist\u00f3rico restaurado, combina encanto rural, dise\u00f1o contempor\u00e1neo y servicios exclusivos para escapadas rom\u00e1nticas, experiencias de bienestar y turismo activo en la naturaleza del entorno del Parque Natural de la Safor.\",\"email\":\"reservas@casababel2.disenodepaginas-web.com\",\"telephone\":\"+34 962958183\",\"legalName\":\"HOTEL CASA BABEL S.L.\",\"foundingDate\":\"2007-01-01\",\"vatID\":\"B98975840\",\"taxID\":\"B98975840\",\"numberOfEmployees\":{\"@type\":\"QuantitativeValue\",\"minValue\":\"1\",\"maxValue\":\"10\"}}]}<\/script>\n<!-- \/ Yoast SEO Premium plugin. -->","yoast_head_json":{"title":"Cancellation Policy Casa Babel | Villalonga Rural Hotel","description":"Cancellation policy of Hotel Casa Babel","robots":{"index":"noindex","follow":"follow","max-snippet":"max-snippet:-1","max-image-preview":"max-image-preview:large","max-video-preview":"max-video-preview:-1"},"og_locale":"en_US","og_type":"article","og_title":"Cancellation policy","og_description":"Cancellation policy of Hotel Casa Babel","og_url":"https:\/\/casababel2.disenodepaginas-web.com\/en\/cancellation-policy\/","og_site_name":"Escapadas rom\u00e1nticas en Villalonga, Gandia, Valencia","article_publisher":"https:\/\/es-es.facebook.com\/HotelCasaBabel\/","article_modified_time":"2025-07-04T17:04:11+00:00","twitter_card":"summary_large_image","twitter_misc":{"Est. reading time":"2 minutes"},"schema":{"@context":"https:\/\/schema.org","@graph":[{"@type":"WebPage","@id":"https:\/\/casababel2.disenodepaginas-web.com\/en\/cancellation-policy\/","url":"https:\/\/casababel2.disenodepaginas-web.com\/en\/cancellation-policy\/","name":"Cancellation Policy Casa Babel | Villalonga Rural Hotel","isPartOf":{"@id":"https:\/\/casababel2.disenodepaginas-web.com\/en\/#website"},"datePublished":"2022-11-30T15:15:15+00:00","dateModified":"2025-07-04T17:04:11+00:00","description":"Cancellation policy of Hotel Casa Babel","breadcrumb":{"@id":"https:\/\/casababel2.disenodepaginas-web.com\/en\/cancellation-policy\/#breadcrumb"},"inLanguage":"en-US","potentialAction":[{"@type":"ReadAction","target":["https:\/\/casababel2.disenodepaginas-web.com\/en\/cancellation-policy\/"]}]},{"@type":"BreadcrumbList","@id":"https:\/\/casababel2.disenodepaginas-web.com\/en\/cancellation-policy\/#breadcrumb","itemListElement":[{"@type":"ListItem","position":1,"name":"Portada","item":"https:\/\/casababel2.disenodepaginas-web.com\/en\/"},{"@type":"ListItem","position":2,"name":"Cancellation policy"}]},{"@type":"WebSite","@id":"https:\/\/casababel2.disenodepaginas-web.com\/en\/#website","url":"https:\/\/casababel2.disenodepaginas-web.com\/en\/","name":"Casa Babel","description":"Disfruta y rel\u00e1jate con tu pareja","publisher":{"@id":"https:\/\/casababel2.disenodepaginas-web.com\/en\/#organization"},"potentialAction":[{"@type":"SearchAction","target":{"@type":"EntryPoint","urlTemplate":"https:\/\/casababel2.disenodepaginas-web.com\/en\/?s={search_term_string}"},"query-input":{"@type":"PropertyValueSpecification","valueRequired":true,"valueName":"search_term_string"}}],"inLanguage":"en-US"},{"@type":"Organization","@id":"https:\/\/casababel2.disenodepaginas-web.com\/en\/#organization","name":"HOTEL CASA BABEL S.L.","alternateName":"Casa Babel","url":"https:\/\/casababel2.disenodepaginas-web.com\/en\/","logo":{"@type":"ImageObject","inLanguage":"en-US","@id":"https:\/\/casababel2.disenodepaginas-web.com\/en\/#\/schema\/logo\/image\/","url":"https:\/\/casababel2.disenodepaginas-web.com\/wp-content\/uploads\/2023\/01\/logoheader-hotelbabel.jpg","contentUrl":"https:\/\/casababel2.disenodepaginas-web.com\/wp-content\/uploads\/2023\/01\/logoheader-hotelbabel.jpg","width":146,"height":146,"caption":"HOTEL CASA BABEL S.L."},"image":{"@id":"https:\/\/casababel2.disenodepaginas-web.com\/en\/#\/schema\/logo\/image\/"},"sameAs":["https:\/\/es-es.facebook.com\/HotelCasaBabel\/","https:\/\/www.instagram.com\/Hotel.casababel\/","https:\/\/www.tripadvisor.es\/Hotel_Review-g1080467-d1088691-Reviews-Hotel_Casa_Babel-Villalonga_Province_of_Valencia_Valencian_Country.html"],"description":"Hotel Casa Babel es un hotel boutique situado en Villalonga, Valencia. Ubicado en un edificio hist\u00f3rico restaurado, combina encanto rural, dise\u00f1o contempor\u00e1neo y servicios exclusivos para escapadas rom\u00e1nticas, experiencias de bienestar y turismo activo en la naturaleza del entorno del Parque Natural de la Safor.","email":"reservas@casababel2.disenodepaginas-web.com","telephone":"+34 962958183","legalName":"HOTEL CASA BABEL S.L.","foundingDate":"2007-01-01","vatID":"B98975840","taxID":"B98975840","numberOfEmployees":{"@type":"QuantitativeValue","minValue":"1","maxValue":"10"}}]}},"_links":{"self":[{"href":"https:\/\/casababel2.disenodepaginas-web.com\/en\/wp-json\/wp\/v2\/pages\/14845","targetHints":{"allow":["GET"]}}],"collection":[{"href":"https:\/\/casababel2.disenodepaginas-web.com\/en\/wp-json\/wp\/v2\/pages"}],"about":[{"href":"https:\/\/casababel2.disenodepaginas-web.com\/en\/wp-json\/wp\/v2\/types\/page"}],"author":[{"embeddable":true,"href":"https:\/\/casababel2.disenodepaginas-web.com\/en\/wp-json\/wp\/v2\/users\/1"}],"replies":[{"embeddable":true,"href":"https:\/\/casababel2.disenodepaginas-web.com\/en\/wp-json\/wp\/v2\/comments?post=14845"}],"version-history":[{"count":0,"href":"https:\/\/casababel2.disenodepaginas-web.com\/en\/wp-json\/wp\/v2\/pages\/14845\/revisions"}],"wp:attachment":[{"href":"https:\/\/casababel2.disenodepaginas-web.com\/en\/wp-json\/wp\/v2\/media?parent=14845"}],"curies":[{"name":"wp","href":"https:\/\/api.w.org\/{rel}","templated":true}]}}