{"id":14977,"date":"2021-05-10T10:22:44","date_gmt":"2021-05-10T10:22:44","guid":{"rendered":"https:\/\/casababel2.disenodepaginas-web.com\/?page_id=14977"},"modified":"2025-07-03T12:37:34","modified_gmt":"2025-07-03T12:37:34","slug":"gift-voucher","status":"publish","type":"page","link":"https:\/\/casababel2.disenodepaginas-web.com\/en\/gift-voucher\/","title":{"rendered":"Gift voucher"},"content":{"rendered":"\t\t<div data-elementor-type=\"wp-page\" data-elementor-id=\"14977\" class=\"elementor elementor-14977 elementor-1728\" data-elementor-post-type=\"page\">\n\t\t\t\t\t\t<section class=\"elementor-section elementor-top-section elementor-element elementor-element-8ed3901 elementor-section-stretched elementor-section-content-middle elementor-section-boxed elementor-section-height-default elementor-section-height-default\" data-id=\"8ed3901\" data-element_type=\"section\" data-settings=\"{&quot;stretch_section&quot;:&quot;section-stretched&quot;,&quot;background_background&quot;:&quot;classic&quot;,&quot;jet_parallax_layout_list&quot;:[]}\">\n\t\t\t\t\t\t\t<div class=\"elementor-background-overlay\"><\/div>\n\t\t\t\t\t\t\t<div class=\"elementor-container elementor-column-gap-default\">\n\t\t\t\t\t<div class=\"elementor-column elementor-col-100 elementor-top-column elementor-element elementor-element-70f70055\" data-id=\"70f70055\" data-element_type=\"column\">\n\t\t\t<div class=\"elementor-widget-wrap elementor-element-populated\">\n\t\t\t\t\t\t<div class=\"elementor-element elementor-element-43e4f09b elementor-widget elementor-widget-heading\" data-id=\"43e4f09b\" data-element_type=\"widget\" data-widget_type=\"heading.default\">\n\t\t\t\t<div class=\"elementor-widget-container\">\n\t\t\t\t\t<h1 class=\"elementor-heading-title elementor-size-default\">Gift Voucher<\/h1>\t\t\t\t<\/div>\n\t\t\t\t<\/div>\n\t\t\t\t\t<\/div>\n\t\t<\/div>\n\t\t\t\t\t<\/div>\n\t\t<\/section>\n\t\t<div class=\"elementor-element elementor-element-bc6c102 e-flex e-con-boxed e-con e-parent\" data-id=\"bc6c102\" data-element_type=\"container\" data-settings=\"{&quot;jet_parallax_layout_list&quot;:[]}\">\n\t\t\t\t\t<div class=\"e-con-inner\">\n\t\t\t\t<div class=\"elementor-element elementor-element-6cedc81 elementor-widget elementor-widget-html\" data-id=\"6cedc81\" data-element_type=\"widget\" data-widget_type=\"html.default\">\n\t\t\t\t<div class=\"elementor-widget-container\">\n\t\t\t\t\t<iframe style=\"width: 100%; border: 0\" src=\"https:\/\/casa-babel.bonkdo.com\/en\/?embed=true&hide_main_title_description=false&hide_footer=false&hide_whychooseus=false&hide_create_money_pot=false&hide_group_payment=false&hide_shared_gifts_header=false&hide_whole_shared_gifts=false&hide_giftcards=false&hide_vouchers=false\"><\/iframe><script src=\"https:\/\/casa-babel.bonkdo.com\/static\/js\/iframeResizer.min.js\"><\/script><script>iFrameResize()<\/script>\t\t\t\t<\/div>\n\t\t\t\t<\/div>\n\t\t\t\t\t<\/div>\n\t\t\t\t<\/div>\n\t\t\t\t<\/div>\n\t\t","protected":false},"excerpt":{"rendered":"<p>Gift Voucher<\/p>\n","protected":false},"author":1,"featured_media":0,"parent":0,"menu_order":0,"comment_status":"closed","ping_status":"closed","template":"","meta":{"footnotes":""},"class_list":["post-14977","page","type-page","status-publish","hentry"],"yoast_head":"<!-- This site is optimized with the Yoast SEO Premium plugin v25.3.1 (Yoast SEO v26.6) - https:\/\/yoast.com\/wordpress\/plugins\/seo\/ -->\n<title>Casa Babel Gift Voucher | Gift Getaways &amp; Stays<\/title>\n<meta name=\"description\" content=\"Look at our gift vouchers and reserve them as soon as possible.\" \/>\n<meta name=\"robots\" content=\"noindex, follow, max-snippet:-1, max-image-preview:large, max-video-preview:-1\" \/>\n<meta property=\"og:locale\" content=\"en_US\" \/>\n<meta property=\"og:type\" content=\"article\" \/>\n<meta property=\"og:title\" content=\"Gift voucher\" \/>\n<meta property=\"og:description\" content=\"Look at our gift vouchers and reserve them as soon as possible.\" \/>\n<meta property=\"og:url\" content=\"https:\/\/casababel2.disenodepaginas-web.com\/en\/gift-voucher\/\" \/>\n<meta property=\"og:site_name\" content=\"Escapadas rom\u00e1nticas en Villalonga, Gandia, Valencia\" \/>\n<meta property=\"article:publisher\" content=\"https:\/\/es-es.facebook.com\/HotelCasaBabel\/\" \/>\n<meta property=\"article:modified_time\" content=\"2025-07-03T12:37:34+00:00\" \/>\n<meta name=\"twitter:card\" content=\"summary_large_image\" \/>\n<meta name=\"twitter:label1\" content=\"Est. reading time\" \/>\n\t<meta name=\"twitter:data1\" content=\"1 minute\" \/>\n<script type=\"application\/ld+json\" class=\"yoast-schema-graph\">{\"@context\":\"https:\/\/schema.org\",\"@graph\":[{\"@type\":\"WebPage\",\"@id\":\"https:\/\/casababel2.disenodepaginas-web.com\/en\/gift-voucher\/\",\"url\":\"https:\/\/casababel2.disenodepaginas-web.com\/en\/gift-voucher\/\",\"name\":\"Casa Babel Gift Voucher | Gift Getaways & Stays\",\"isPartOf\":{\"@id\":\"https:\/\/casababel2.disenodepaginas-web.com\/en\/#website\"},\"datePublished\":\"2021-05-10T10:22:44+00:00\",\"dateModified\":\"2025-07-03T12:37:34+00:00\",\"description\":\"Look at our gift vouchers and reserve them as soon as possible.\",\"breadcrumb\":{\"@id\":\"https:\/\/casababel2.disenodepaginas-web.com\/en\/gift-voucher\/#breadcrumb\"},\"inLanguage\":\"en-US\",\"potentialAction\":[{\"@type\":\"ReadAction\",\"target\":[\"https:\/\/casababel2.disenodepaginas-web.com\/en\/gift-voucher\/\"]}]},{\"@type\":\"BreadcrumbList\",\"@id\":\"https:\/\/casababel2.disenodepaginas-web.com\/en\/gift-voucher\/#breadcrumb\",\"itemListElement\":[{\"@type\":\"ListItem\",\"position\":1,\"name\":\"Portada\",\"item\":\"https:\/\/casababel2.disenodepaginas-web.com\/en\/\"},{\"@type\":\"ListItem\",\"position\":2,\"name\":\"Gift voucher\"}]},{\"@type\":\"WebSite\",\"@id\":\"https:\/\/casababel2.disenodepaginas-web.com\/en\/#website\",\"url\":\"https:\/\/casababel2.disenodepaginas-web.com\/en\/\",\"name\":\"Casa Babel\",\"description\":\"Disfruta y rel\u00e1jate con tu pareja\",\"publisher\":{\"@id\":\"https:\/\/casababel2.disenodepaginas-web.com\/en\/#organization\"},\"potentialAction\":[{\"@type\":\"SearchAction\",\"target\":{\"@type\":\"EntryPoint\",\"urlTemplate\":\"https:\/\/casababel2.disenodepaginas-web.com\/en\/?s={search_term_string}\"},\"query-input\":{\"@type\":\"PropertyValueSpecification\",\"valueRequired\":true,\"valueName\":\"search_term_string\"}}],\"inLanguage\":\"en-US\"},{\"@type\":\"Organization\",\"@id\":\"https:\/\/casababel2.disenodepaginas-web.com\/en\/#organization\",\"name\":\"HOTEL CASA BABEL S.L.\",\"alternateName\":\"Casa Babel\",\"url\":\"https:\/\/casababel2.disenodepaginas-web.com\/en\/\",\"logo\":{\"@type\":\"ImageObject\",\"inLanguage\":\"en-US\",\"@id\":\"https:\/\/casababel2.disenodepaginas-web.com\/en\/#\/schema\/logo\/image\/\",\"url\":\"https:\/\/casababel2.disenodepaginas-web.com\/wp-content\/uploads\/2023\/01\/logoheader-hotelbabel.jpg\",\"contentUrl\":\"https:\/\/casababel2.disenodepaginas-web.com\/wp-content\/uploads\/2023\/01\/logoheader-hotelbabel.jpg\",\"width\":146,\"height\":146,\"caption\":\"HOTEL CASA BABEL S.L.\"},\"image\":{\"@id\":\"https:\/\/casababel2.disenodepaginas-web.com\/en\/#\/schema\/logo\/image\/\"},\"sameAs\":[\"https:\/\/es-es.facebook.com\/HotelCasaBabel\/\",\"https:\/\/www.instagram.com\/Hotel.casababel\/\",\"https:\/\/www.tripadvisor.es\/Hotel_Review-g1080467-d1088691-Reviews-Hotel_Casa_Babel-Villalonga_Province_of_Valencia_Valencian_Country.html\"],\"description\":\"Hotel Casa Babel es un hotel boutique situado en Villalonga, Valencia. Ubicado en un edificio hist\u00f3rico restaurado, combina encanto rural, dise\u00f1o contempor\u00e1neo y servicios exclusivos para escapadas rom\u00e1nticas, experiencias de bienestar y turismo activo en la naturaleza del entorno del Parque Natural de la Safor.\",\"email\":\"reservas@casababel2.disenodepaginas-web.com\",\"telephone\":\"+34 962958183\",\"legalName\":\"HOTEL CASA BABEL S.L.\",\"foundingDate\":\"2007-01-01\",\"vatID\":\"B98975840\",\"taxID\":\"B98975840\",\"numberOfEmployees\":{\"@type\":\"QuantitativeValue\",\"minValue\":\"1\",\"maxValue\":\"10\"}}]}<\/script>\n<!-- \/ Yoast SEO Premium plugin. -->","yoast_head_json":{"title":"Casa Babel Gift Voucher | Gift Getaways & Stays","description":"Look at our gift vouchers and reserve them as soon as possible.","robots":{"index":"noindex","follow":"follow","max-snippet":"max-snippet:-1","max-image-preview":"max-image-preview:large","max-video-preview":"max-video-preview:-1"},"og_locale":"en_US","og_type":"article","og_title":"Gift voucher","og_description":"Look at our gift vouchers and reserve them as soon as possible.","og_url":"https:\/\/casababel2.disenodepaginas-web.com\/en\/gift-voucher\/","og_site_name":"Escapadas rom\u00e1nticas en Villalonga, Gandia, Valencia","article_publisher":"https:\/\/es-es.facebook.com\/HotelCasaBabel\/","article_modified_time":"2025-07-03T12:37:34+00:00","twitter_card":"summary_large_image","twitter_misc":{"Est. reading time":"1 minute"},"schema":{"@context":"https:\/\/schema.org","@graph":[{"@type":"WebPage","@id":"https:\/\/casababel2.disenodepaginas-web.com\/en\/gift-voucher\/","url":"https:\/\/casababel2.disenodepaginas-web.com\/en\/gift-voucher\/","name":"Casa Babel Gift Voucher | Gift Getaways & Stays","isPartOf":{"@id":"https:\/\/casababel2.disenodepaginas-web.com\/en\/#website"},"datePublished":"2021-05-10T10:22:44+00:00","dateModified":"2025-07-03T12:37:34+00:00","description":"Look at our gift vouchers and reserve them as soon as possible.","breadcrumb":{"@id":"https:\/\/casababel2.disenodepaginas-web.com\/en\/gift-voucher\/#breadcrumb"},"inLanguage":"en-US","potentialAction":[{"@type":"ReadAction","target":["https:\/\/casababel2.disenodepaginas-web.com\/en\/gift-voucher\/"]}]},{"@type":"BreadcrumbList","@id":"https:\/\/casababel2.disenodepaginas-web.com\/en\/gift-voucher\/#breadcrumb","itemListElement":[{"@type":"ListItem","position":1,"name":"Portada","item":"https:\/\/casababel2.disenodepaginas-web.com\/en\/"},{"@type":"ListItem","position":2,"name":"Gift voucher"}]},{"@type":"WebSite","@id":"https:\/\/casababel2.disenodepaginas-web.com\/en\/#website","url":"https:\/\/casababel2.disenodepaginas-web.com\/en\/","name":"Casa Babel","description":"Disfruta y rel\u00e1jate con tu pareja","publisher":{"@id":"https:\/\/casababel2.disenodepaginas-web.com\/en\/#organization"},"potentialAction":[{"@type":"SearchAction","target":{"@type":"EntryPoint","urlTemplate":"https:\/\/casababel2.disenodepaginas-web.com\/en\/?s={search_term_string}"},"query-input":{"@type":"PropertyValueSpecification","valueRequired":true,"valueName":"search_term_string"}}],"inLanguage":"en-US"},{"@type":"Organization","@id":"https:\/\/casababel2.disenodepaginas-web.com\/en\/#organization","name":"HOTEL CASA BABEL S.L.","alternateName":"Casa Babel","url":"https:\/\/casababel2.disenodepaginas-web.com\/en\/","logo":{"@type":"ImageObject","inLanguage":"en-US","@id":"https:\/\/casababel2.disenodepaginas-web.com\/en\/#\/schema\/logo\/image\/","url":"https:\/\/casababel2.disenodepaginas-web.com\/wp-content\/uploads\/2023\/01\/logoheader-hotelbabel.jpg","contentUrl":"https:\/\/casababel2.disenodepaginas-web.com\/wp-content\/uploads\/2023\/01\/logoheader-hotelbabel.jpg","width":146,"height":146,"caption":"HOTEL CASA BABEL S.L."},"image":{"@id":"https:\/\/casababel2.disenodepaginas-web.com\/en\/#\/schema\/logo\/image\/"},"sameAs":["https:\/\/es-es.facebook.com\/HotelCasaBabel\/","https:\/\/www.instagram.com\/Hotel.casababel\/","https:\/\/www.tripadvisor.es\/Hotel_Review-g1080467-d1088691-Reviews-Hotel_Casa_Babel-Villalonga_Province_of_Valencia_Valencian_Country.html"],"description":"Hotel Casa Babel es un hotel boutique situado en Villalonga, Valencia. Ubicado en un edificio hist\u00f3rico restaurado, combina encanto rural, dise\u00f1o contempor\u00e1neo y servicios exclusivos para escapadas rom\u00e1nticas, experiencias de bienestar y turismo activo en la naturaleza del entorno del Parque Natural de la Safor.","email":"reservas@casababel2.disenodepaginas-web.com","telephone":"+34 962958183","legalName":"HOTEL CASA BABEL S.L.","foundingDate":"2007-01-01","vatID":"B98975840","taxID":"B98975840","numberOfEmployees":{"@type":"QuantitativeValue","minValue":"1","maxValue":"10"}}]}},"_links":{"self":[{"href":"https:\/\/casababel2.disenodepaginas-web.com\/en\/wp-json\/wp\/v2\/pages\/14977","targetHints":{"allow":["GET"]}}],"collection":[{"href":"https:\/\/casababel2.disenodepaginas-web.com\/en\/wp-json\/wp\/v2\/pages"}],"about":[{"href":"https:\/\/casababel2.disenodepaginas-web.com\/en\/wp-json\/wp\/v2\/types\/page"}],"author":[{"embeddable":true,"href":"https:\/\/casababel2.disenodepaginas-web.com\/en\/wp-json\/wp\/v2\/users\/1"}],"replies":[{"embeddable":true,"href":"https:\/\/casababel2.disenodepaginas-web.com\/en\/wp-json\/wp\/v2\/comments?post=14977"}],"version-history":[{"count":0,"href":"https:\/\/casababel2.disenodepaginas-web.com\/en\/wp-json\/wp\/v2\/pages\/14977\/revisions"}],"wp:attachment":[{"href":"https:\/\/casababel2.disenodepaginas-web.com\/en\/wp-json\/wp\/v2\/media?parent=14977"}],"curies":[{"name":"wp","href":"https:\/\/api.w.org\/{rel}","templated":true}]}}